{"id":112,"date":"2022-03-25T13:38:10","date_gmt":"2022-03-25T12:38:10","guid":{"rendered":"http:\/\/homegrounds.dk\/?page_id=112"},"modified":"2024-01-15T10:04:12","modified_gmt":"2024-01-15T09:04:12","slug":"om-2","status":"publish","type":"page","link":"http:\/\/homegrounds.dk\/index.php\/om-2\/","title":{"rendered":"Om"},"content":{"rendered":"\n<p class=\"has-large-font-size\"><strong>Stay\u00a0happy, strong &amp; healthy<\/strong>!<\/p>\n\n\n\n<p class=\"has-medium-font-size\"><strong>HomeGrounds tilbyder \u00e5ndedr\u00e6tssessioner, isbade og saunagus til erhvervslivet s\u00e5vel som private. Desuden 1:1 behandlinger med \u00e5ndedr\u00e6tssessioner, samt Stanley Rosenberg teknikker.<\/strong><\/p>\n\n\n\n<p>HomeGrounds er etableret i 2022, men locationen har i virkeligheden dannet rammer for adskillige aktiviteter af ejerne siden 1977, eksempelvis Palmer i Danmark som var et banebrydende da de var de f\u00f8rste p\u00e5 markedet til at sl\u00e5 igennem med salg af palmer fra andre himmelstr\u00f8g. Idag danner HomeGrounds rammen for forskellige wellnesstiltag. HomeGrounds ejes af Werner Schnetler og Anne Thestrup.<\/p>\n\n\n\n<p><strong>HomeGrounds tilbyder pt.:<\/strong><br>1:1 \u00c5ndedr\u00e6tssessioner ved Anne Thestrup<br>Gruppesessioner med \u00c5ndedr\u00e6tssession, isbad og saunagus<br>Gruppesessioner med \u00c5ndedr\u00e6tssession og isbad<br>Gruppesessioner med \u00c5ndedr\u00e6tssession<br><br><strong>Private saunaevents:<\/strong><br>HomeGrounds t\u00f8ndesauna rummer 10 personer og kan bookes til s\u00e6rlige lejligheder, sammen med gus-mester. <\/p>\n\n\n\n<p><strong>Human Touch behandlinger ved Anne Thestrup:<\/strong><br>Kranio sakral<br>Neurodynamics<br>Bindev\u00e6vsmassage<\/p>\n\n\n\n<p><strong>Booking:<\/strong><br>Saunaevents, \u00e5ndedr\u00e6tssessioner og behandlinger bookes ved henvendelse til Anne Thestrup p\u00e5 2737 4660.<\/p>\n\n\n\n<p><\/p>\n\n\n\n<figure class=\"wp-block-gallery has-nested-images columns-default is-cropped wp-block-gallery-1 is-layout-flex wp-block-gallery-is-layout-flex\">\n<figure class=\"wp-block-image size-large\"><img loading=\"lazy\" decoding=\"async\" width=\"1024\" height=\"1024\" data-id=\"251\" src=\"https:\/\/homegrounds.dk\/wp-content\/uploads\/2024\/01\/289841736_10228147462737946_3408351507593014715_n-1024x1024.jpg\" alt=\"\" class=\"wp-image-251\" srcset=\"http:\/\/homegrounds.dk\/wp-content\/uploads\/2024\/01\/289841736_10228147462737946_3408351507593014715_n-1024x1024.jpg 1024w, http:\/\/homegrounds.dk\/wp-content\/uploads\/2024\/01\/289841736_10228147462737946_3408351507593014715_n-300x300.jpg 300w, http:\/\/homegrounds.dk\/wp-content\/uploads\/2024\/01\/289841736_10228147462737946_3408351507593014715_n-150x150.jpg 150w, http:\/\/homegrounds.dk\/wp-content\/uploads\/2024\/01\/289841736_10228147462737946_3408351507593014715_n-768x768.jpg 768w, http:\/\/homegrounds.dk\/wp-content\/uploads\/2024\/01\/289841736_10228147462737946_3408351507593014715_n-100x100.jpg 100w, http:\/\/homegrounds.dk\/wp-content\/uploads\/2024\/01\/289841736_10228147462737946_3408351507593014715_n.jpg 1080w\" sizes=\"(max-width: 767px) 89vw, (max-width: 1000px) 54vw, (max-width: 1071px) 543px, 580px\" \/><\/figure>\n<figcaption class=\"blocks-gallery-caption wp-element-caption\">Anne Thestrup er selv ice-queen og forgangskvinde for is-badende, hun guider altid kyndigt, s\u00e5 du kan f\u00f8le dig tryg, selv n\u00e5r du selv skal en tur i isen. <\/figcaption><\/figure>\n\n\n\n<p><\/p>\n","protected":false},"excerpt":{"rendered":"<p>Stay\u00a0happy, strong &amp; healthy! HomeGrounds tilbyder \u00e5ndedr\u00e6tssessioner, isbade og saunagus til erhvervslivet s\u00e5vel som private. Desuden 1:1 behandlinger med \u00e5ndedr\u00e6tssessioner, samt Stanley Rosenberg teknikker. HomeGrounds er etableret i 2022, men locationen har i virkeligheden dannet rammer for adskillige aktiviteter af ejerne siden 1977, eksempelvis Palmer i Danmark som var et banebrydende da de var de &hellip; <\/p>\n<p class=\"link-more\"><a href=\"http:\/\/homegrounds.dk\/index.php\/om-2\/\" class=\"more-link\">Continue reading<span class=\"screen-reader-text\"> &#8220;Om&#8221;<\/span><\/a><\/p>\n","protected":false},"author":1,"featured_media":0,"parent":0,"menu_order":0,"comment_status":"closed","ping_status":"closed","template":"","meta":{"footnotes":""},"_links":{"self":[{"href":"http:\/\/homegrounds.dk\/index.php\/wp-json\/wp\/v2\/pages\/112"}],"collection":[{"href":"http:\/\/homegrounds.dk\/index.php\/wp-json\/wp\/v2\/pages"}],"about":[{"href":"http:\/\/homegrounds.dk\/index.php\/wp-json\/wp\/v2\/types\/page"}],"author":[{"embeddable":true,"href":"http:\/\/homegrounds.dk\/index.php\/wp-json\/wp\/v2\/users\/1"}],"replies":[{"embeddable":true,"href":"http:\/\/homegrounds.dk\/index.php\/wp-json\/wp\/v2\/comments?post=112"}],"version-history":[{"count":25,"href":"http:\/\/homegrounds.dk\/index.php\/wp-json\/wp\/v2\/pages\/112\/revisions"}],"predecessor-version":[{"id":255,"href":"http:\/\/homegrounds.dk\/index.php\/wp-json\/wp\/v2\/pages\/112\/revisions\/255"}],"wp:attachment":[{"href":"http:\/\/homegrounds.dk\/index.php\/wp-json\/wp\/v2\/media?parent=112"}],"curies":[{"name":"wp","href":"https:\/\/api.w.org\/{rel}","templated":true}]}}