{"id":147,"date":"2022-03-26T22:09:41","date_gmt":"2022-03-26T21:09:41","guid":{"rendered":"http:\/\/homegrounds.dk\/?page_id=147"},"modified":"2024-01-15T09:53:30","modified_gmt":"2024-01-15T08:53:30","slug":"wim-hof-metoden","status":"publish","type":"page","link":"http:\/\/homegrounds.dk\/index.php\/wim-hof-metoden\/","title":{"rendered":"WIM HOF METODEN"},"content":{"rendered":"\n<p class=\"has-large-font-size\"><strong>Fordele<\/strong> <strong>ved Wim Hof Metoden<\/strong><\/p>\n\n\n\n<p>Herunder ses en r\u00e6kke fordele opn\u00e5et i udlandet med Wim Hof Metoden. Herfra er det din egen rejse&#8230;<\/p>\n\n\n\n<pre id=\"tw-target-text\" class=\"wp-block-preformatted\">Wim Hof Metoden kan \u00e5bne op for en lang r\u00e6kke fordele som:\nReduceret stressniveau\nSt\u00f8rre kuldetolerance\nHurtigere restituering\nForbedret kreativitet\nSt\u00e6rkere immunforsvar\nBedre s\u00f8vn\n\u00d8get energi\n\u00d8get viljestyrke\n\u00d8get fokus og beslutsomhed\nForbedret sportspr\u00e6station\n<\/pre>\n\n\n\n<p class=\"has-large-font-size\"><strong>Fysiske sundhedsm\u00e6ssige fordele<\/strong><\/p>\n\n\n\n<p class=\"has-medium-font-size\"><strong>Udforsk, hvordan Wim Hof-metoden kan forbedre dit fysiske helbred<\/strong><\/p>\n\n\n\n<p><strong>Boost energi<\/strong><br>Vi har alle brug for energi til b\u00e5de vores fysiske og mentale sundhed.<br><br><strong>Mere energi<\/strong><br>Ved at f\u00f8lge Wim Hof-metoden l\u00e6rer du at fokusere p\u00e5 de ting, der betyder noget og at give slip p\u00e5 stressfaktorer, der kun koster dig energi.<\/p>\n\n\n\n<p><strong>Sunde energiniveauer<\/strong><br>At s\u00f8rge for, at din krop har nok energi er vigtigt for b\u00e5de dit mentale og fysiske helbred.<\/p>\n\n\n\n<p><strong>Positiv stress<\/strong><br>Positiv stress og Wim Hof-metoden kan hj\u00e6lpe dig til at leve sundere, gladere og mere energisk.<\/p>\n\n\n\n<p><strong>Bedre s\u00f8vn<\/strong><br>Folk, der praktiserer Wims metode, rapporterer ofte, at deres s\u00f8vnkvalitet er forbedret, og at de f\u00f8ler sig mere energiske i l\u00f8bet af dagen.<\/p>\n\n\n\n<p><strong>Boost dit immunforsvar<\/strong><br>Videnskabelig forskning har givet beviser for, at tilh\u00e6ngere af Wim Hof-metoden har en st\u00e6rkere immunreaktion p\u00e5 patogener sammenlignet med andre.<br><br><strong>Naturlig anti-inflammatorisk<\/strong><br>Bek\u00e6mpelse af bet\u00e6ndelse ved hj\u00e6lp af Wim Hof-metoden er mulig.<\/p>\n\n\n\n<p><strong>For\u00f8g sportspr\u00e6stationer<\/strong><br>Wim Hof \u200b\u200bMetoden kan hj\u00e6lpe dig med din tr\u00e6ning.<\/p>\n\n\n\n<p><strong>Tr\u00e6ningsrestitution<\/strong><br>Hj\u00e6lp din krop til at restituere hurtigere efter fysisk tr\u00e6ning med Wim Hof-metoden.<br><br><strong>Atletisk pr\u00e6station<\/strong><br>Hvis du undrer dig over, hvordan du kan forbedre din atletiske pr\u00e6station, s\u00e5 pr\u00f8v Wim Hof-metoden.<\/p>\n\n\n\n<p><strong>Astmah\u00e5ndtering<\/strong><br>Metoden kan hj\u00e6lpe dig med effektiv astmabehandling.<\/p>\n\n\n\n<p><strong>Migr\u00e6ne lindring<\/strong><br>Wim Hof-metoden kan hj\u00e6lpe dig med at lindre migr\u00e6ne hovedpineanfald.<\/p>\n\n\n\n<p><strong>Gigt lindring<\/strong><br>Wim Hof-metoden kan hj\u00e6lpe dig med at finde lindring af gigt i et naturligt stof uden behov for medicin.<br><br><strong>Lindring af autoimmun sygdom<\/strong><br>Der er ingen kur mod autoimmune lidelser, s\u00e5 h\u00e5ndtering af relaterede symptomer er n\u00f8glen til at opretholde en vis livskvalitet. <\/p>\n\n\n\n<p><strong>Lindring af fibromyalgi<\/strong><br>Fibromyalgi kan vare i lang tid, og behandlingen kan v\u00e6re meget h\u00e5rd. Derfor er det vigtigt at finde lindring for symptomerne p\u00e5 fibromyalgi. Wim Hof-metoden kan give dig redskaber til at lindre nogle af symptomerne relateret til fibromyalgi.<\/p>\n\n\n\n<p><strong>Efterbehandling borreliose syndrom<\/strong><br>Symptomer p\u00e5 borreliose kan blive h\u00e6ngende i m\u00e5neder og endda \u00e5r. Wim Hof-metoden kan bruges til at lindre symptomer relateret til PTLDS.<\/p>\n\n\n\n<p><strong>KOL-h\u00e5ndtering<\/strong><br>H\u00e5ndtering af kronisk obstruktiv lungesygdom (KOL) er meget vigtig for at forbedre livskvaliteten for mennesker, der lider af denne sygdom. Wim Hof-metoden kan hj\u00e6lpe.<\/p>\n\n\n\n<p><strong>Overvinde MS<\/strong><br>Multipel sklerose (MS)-patienter kan drage fordel af Wim Hof-metoden.<\/p>\n\n\n\n<p><strong>Forbedre dit stofskifte<\/strong><br>Du kan forbedre dit stofskifte med Wim Hof-metoden.<\/p>\n\n\n\n<p><strong>S\u00e6nk dit blodtryk<\/strong><br>Forh\u00f8jet blodtryk er en af \u200b\u200bhoved\u00e5rsagerne til d\u00f8dsfald. En af m\u00e5derne at hj\u00e6lpe med at holde et lavt blodtryk p\u00e5 er at opretholde en sund livsstil. Wim Hof-metoden kan hj\u00e6lpe dig med at s\u00e6nke dit blodtryk.<\/p>\n\n\n\n<p class=\"has-large-font-size\"><br><strong>Mentale sundhedsm\u00e6ssige fordele<\/strong><\/p>\n\n\n\n<p class=\"has-medium-font-size\"><strong>Oplev nogle af de mentale sundhedsm\u00e6ssige fordele ved Wim Hof-metoden<\/strong><\/p>\n\n\n\n<p><strong>Forbedret mental sundhed<\/strong><br>Dit mentale helbred kan bestemmes som dit generelle psykologiske velv\u00e6re. Vigtigheden af \u200b\u200bat passe p\u00e5 dit mentale helbred kan ikke understreges nok, fordi det p\u00e5virker, hvordan du har det med dig selv og andre. <br><br><strong>Afstresse<\/strong><br>Wim Hof-metoden er en kombination af meditation, \u00e5ndedr\u00e6ts\u00f8velser og uds\u00e6ttelse for kulde, der kan hj\u00e6lpe dig med at regulere dit stressniveau.<\/p>\n\n\n\n<p><strong>Genopretning af udbr\u00e6ndthed<\/strong><br>Wim Hof \u200b\u200bMetoden giver dig teknikker, der kan hj\u00e6lpe dig med at f\u00e5 styr p\u00e5 dine daglige kampe, som kan hj\u00e6lpe dig med at nulstille dit nervesystem, og som kan give dig den n\u00f8dvendige energi til at komme dig efter udbr\u00e6ndthed.<\/p>\n\n\n\n<p><strong>Forebyggelse af udbr\u00e6ndthed<\/strong><br>Udbr\u00e6ndthed kan have flere \u00e5rsager. For eksempel arbejdsrelaterede \u00e5rsager, livsstils\u00e5rsager eller personlighedstr\u00e6k. Men der er flere ting, du kan g\u00f8re for at forhindre udbr\u00e6ndthed. L\u00e6r hvordan du kan forebygge en udbr\u00e6ndthed med \u00f8velserne i Wim Hof-metoden.<\/p>\n\n\n\n<p><strong>Forbedre kuldetolerance<\/strong><br>Kold kropsterapi forts\u00e6tter med at vinde alvorlig popularitet, fordi den er forbundet med adskillige sundhedsm\u00e6ssige fordele, herunder reduktion af inflammation og et forbedret immunrespons.<\/p>\n\n\n\n<p><strong>\u00d8g viljestyrken<\/strong><br>Hvis du virkelig \u00f8nsker at blive en bedre udgave af dig selv, er \u00f8get viljestyrke en af \u200b\u200bde mest essentielle ting at g\u00f8re.<\/p>\n\n\n\n<p><strong>\u00d8g koncentrationen<\/strong><br>Mange mennesker oplever et k\u00e6mpe boost i koncentrationen efter at have praktiseret Wim Hof-metoden. Find ud af, hvad Wim Hof-metoden kan g\u00f8re for dig!<\/p>\n\n\n\n<p><strong>Forbedre forbindelsen mellem din krop og dit sind<\/strong><br>Med en solid sind-krop forbindelse er du bedre i stand til at h\u00e5ndtere dine f\u00f8lelser og m\u00f8de vanskeligheder. Desv\u00e6rre er mange mennesker ude af stand til at kontrollere deres sind-krop forbindelse. L\u00e6r mere om, hvordan Wim Hof-metoden kan hj\u00e6lpe dig med at forbedre din krop-sind-forbindelse.<\/p>\n\n\n\n<p><strong>Boost dine endorfiner<\/strong><br>Endorfiner produceres naturligt af det autonome nervesystem for at komme igennem smerte og stress.<br><br><strong>For\u00f8g din lykkef\u00f8lelse<\/strong><br>Gl\u00e6de og positivitet er afg\u00f8rende for at f\u00e5 mest muligt ud af livet, for alle. N\u00e5r vi f\u00f8ler os glade, er der st\u00f8rre sandsynlighed for, at vi kommer ud og engagerer os i verden. Du kan \u00f8ge din lykkef\u00f8lelse med Wim Hof-metoden.<\/p>\n\n\n\n<p><strong>Forbedre kreativiteten<\/strong><br>Det bedste ved kreativitet er, at det kan tr\u00e6nes. Et stigende antal mennesker, herunder kunstnere, forfattere, designere og andre fagfolk, bruger Wim Hof-metoden og nyder fordelene ved forbedret kreativitet p\u00e5 daglig basis.<\/p>\n\n\n\n<p><strong>Styring af det automatiske nervesystem<\/strong><br>I lang tid troede vi, at det autonome nervesystem ikke kunne p\u00e5virkes frivilligt. Wim Hof \u200b\u200bhar dog videnskabeligt bevist at v\u00e6re i stand til at kontrollere det autonome nervesystem.<\/p>\n\n\n\n<p><strong>Stress kontrol<\/strong><br>Wim Hof-metoden kan hj\u00e6lpe med at bringe dit stressniveau ned i ansp\u00e6ndte eller udmattende situationer. Du kan l\u00e6re at kontrollere din stress.<\/p>\n\n\n\n<p><strong>Fredfyldt sind<\/strong><br>At holde balancen er afg\u00f8rende for at leve et lykkeligt og opfyldt liv.<\/p>\n\n\n\n<p><strong>Vagus nervestimulation <\/strong><br>Stimulering af din vagus tone kan g\u00f8res med forskellige vagus nerve \u00f8velser.<\/p>\n\n\n\n<p><strong><strong>Naturlige midler mod depression<\/strong><\/strong><br>Det kan v\u00e6re meget sv\u00e6rt at overvinde depression. Der er dog naturlige m\u00e5der, der kan hj\u00e6lpe dig med at h\u00e5ndtere depression. For eksempel rapporterer deprimerede mennesker, der starter med Wim Hof-metoden, ofte lindring af forskellige symptomer relateret til en klinisk depression.<br> <\/p>\n\n\n","protected":false},"excerpt":{"rendered":"<p>Fordele ved Wim Hof Metoden Herunder ses en r\u00e6kke fordele opn\u00e5et i udlandet med Wim Hof Metoden. Herfra er det din egen rejse&#8230; Wim Hof Metoden kan \u00e5bne op for en lang r\u00e6kke fordele som: Reduceret stressniveau St\u00f8rre kuldetolerance Hurtigere restituering Forbedret kreativitet St\u00e6rkere immunforsvar Bedre s\u00f8vn \u00d8get energi \u00d8get viljestyrke \u00d8get fokus og beslutsomhed &hellip; <\/p>\n<p class=\"link-more\"><a href=\"http:\/\/homegrounds.dk\/index.php\/wim-hof-metoden\/\" class=\"more-link\">Continue reading<span class=\"screen-reader-text\"> &#8220;WIM HOF METODEN&#8221;<\/span><\/a><\/p>\n","protected":false},"author":1,"featured_media":0,"parent":0,"menu_order":0,"comment_status":"closed","ping_status":"closed","template":"","meta":{"footnotes":""},"_links":{"self":[{"href":"http:\/\/homegrounds.dk\/index.php\/wp-json\/wp\/v2\/pages\/147"}],"collection":[{"href":"http:\/\/homegrounds.dk\/index.php\/wp-json\/wp\/v2\/pages"}],"about":[{"href":"http:\/\/homegrounds.dk\/index.php\/wp-json\/wp\/v2\/types\/page"}],"author":[{"embeddable":true,"href":"http:\/\/homegrounds.dk\/index.php\/wp-json\/wp\/v2\/users\/1"}],"replies":[{"embeddable":true,"href":"http:\/\/homegrounds.dk\/index.php\/wp-json\/wp\/v2\/comments?post=147"}],"version-history":[{"count":15,"href":"http:\/\/homegrounds.dk\/index.php\/wp-json\/wp\/v2\/pages\/147\/revisions"}],"predecessor-version":[{"id":247,"href":"http:\/\/homegrounds.dk\/index.php\/wp-json\/wp\/v2\/pages\/147\/revisions\/247"}],"wp:attachment":[{"href":"http:\/\/homegrounds.dk\/index.php\/wp-json\/wp\/v2\/media?parent=147"}],"curies":[{"name":"wp","href":"https:\/\/api.w.org\/{rel}","templated":true}]}}