{"id":3,"date":"2022-03-23T17:47:42","date_gmt":"2022-03-23T16:47:42","guid":{"rendered":"http:\/\/homegrounds.dk\/?page_id=3"},"modified":"2022-03-25T10:28:19","modified_gmt":"2022-03-25T09:28:19","slug":"privatlivspolitik","status":"publish","type":"page","link":"http:\/\/homegrounds.dk\/index.php\/privatlivspolitik\/","title":{"rendered":"COOKIE &#038; PRIVATLIVSPOLITIK"},"content":{"rendered":"\n<h2 class=\"wp-block-heading\">Cookie- og privatlivspolitik hos\u00a0HomeGrounds.dk<\/h2>\n\n\n\n<p>Vores webstedsadresse er: http:\/\/homegrounds.dk<\/p>\n\n\n\n<p><strong>Introduktion<\/strong><br>N\u00e5r du bes\u00f8ger vores website indsamles der oplysninger om dig, som bruges til at tilpasse og forbedre vores indhold og til at \u00f8ge v\u00e6rdien af de annoncer, der vises p\u00e5 siden. Hvis du ikke \u00f8nsker, at der indsamles oplysninger, b\u00f8r du slette dine cookies (<a href=\"http:\/\/minecookies.org\/cookiehandtering\" target=\"_blank\" rel=\"noreferrer noopener\">se vejledning<\/a>) og undlade videre brug af websitet. Nedenfor har vi uddybet, hvilke informationer der indsamles, deres form\u00e5l og hvilke tredjeparter, der har adgang til dem.<\/p>\n\n\n\n<p><strong>Cookies<\/strong><br>Websitet anvender &#8220;cookies&#8221;, der er en tekstfil, som gemmes p\u00e5 din computer, mobil el. tilsvarende med det form\u00e5l at genkende den, huske indstillinger, udf\u00f8re statistik og m\u00e5lrette annoncer. Cookies kan ikke indeholde skadelig kode som f.eks. virus.<\/p>\n\n\n\n<p>Det er muligt at slette eller blokere for cookies. Se vejledning:&nbsp;<a href=\"http:\/\/minecookies.org\/cookiehandtering\" target=\"_blank\" rel=\"noreferrer noopener\">http:\/\/minecookies.org\/cookiehandtering<\/a><\/p>\n\n\n\n<p>Hvis du sletter eller blokerer cookies vil annoncer kunne blive mindre relevante for dig og optr\u00e6de hyppigere. Du kan desuden risikere at websitet ikke fungerer optimalt samt at der er indhold, du ikke kan f\u00e5 adgang til.<\/p>\n\n\n\n<p><br><strong>Personoplysninger<\/strong><\/p>\n\n\n\n<p><strong>Generelt<\/strong><br>Personoplysninger er alle slags informationer, der i et eller andet omfang kan henf\u00f8res til dig. N\u00e5r du benytter vores website indsamler og behandler vi en r\u00e6kke s\u00e5danne informationer. Det sker f.eks. ved alm. tilgang af indhold, hvis du tilmelder dig vores nyhedsbrev, deltager i konkurrencer eller unders\u00f8gelser, registrerer dig som bruger eller abonnent, \u00f8vrig brug af services eller foretager k\u00f8b via websitet.<\/p>\n\n\n\n<p>Vi indsamler og behandler typisk f\u00f8lgende typer af oplysninger: Et unikt ID og tekniske oplysninger om din computer, tablet eller mobiltelefon, dit IP-nummer, geografisk placering, samt hvilke sider du klikker p\u00e5 (interesser). I det omfang du selv giver eksplicit samtykke hertil og selv indtaster informationerne behandles desuden: Navn, telefonnummer, e-mail, adresse og betalingsoplysninger. Det vil typisk v\u00e6re i forbindelse med oprettelse af login eller ved k\u00f8b.<\/p>\n\n\n\n<p><strong>Sikkerhed<\/strong><br>Vi behandler dine personoplysninger sikkert og fortroligt i overensstemmelse med g\u00e6ldende lovgivning, herunder persondataforordningen og databeskyttelsesloven.<br>Dine oplysninger vil alene blive anvendt til det form\u00e5l, de er indsamlet til, og vil blive slettet, n\u00e5r dette form\u00e5l er opfyldt eller ikke l\u00e6ngere relevant.<br>Vi har truffet tekniske og organisatoriske foranstaltninger mod, at dine oplysninger h\u00e6ndeligt eller ulovligt bliver slettet, offentliggjort, fortabt, forringet eller kommer til uvedkommendes kendskab, misbruges eller i \u00f8vrigt behandles i strid med lovgivningen.<\/p>\n\n\n\n<p><strong>Form\u00e5l<\/strong><br>Oplysningerne bruges til at identificere dig som bruger og vise dig de annoncer, som vil have st\u00f8rst sandsynlighed for at v\u00e6re relevante for dig, at registrere dine k\u00f8b og betalinger, samt at kunne levere de services, du har efterspurgt, som f.eks. at fremsende et nyhedsbrev. Herudover anvender vi oplysningerne til at optimere vores services og indhold.<\/p>\n\n\n\n<p><strong>Periode for opbevaring<\/strong><br>Oplysningerne opbevares i det tidsrum, der er tilladt i henhold til lovgivningen, og vi sletter dem, n\u00e5r de ikke l\u00e6ngere er n\u00f8dvendige. Perioden afh\u00e6nger af karakteren af oplysningen og baggrunden for opbevaring. Det er derfor ikke muligt at angive en generel tidsramme for, hvorn\u00e5r informationer slettes.<\/p>\n\n\n\n<p><strong>Videregivelse af oplysninger<\/strong><br>Data om din brug af websitet, hvilke annoncer, du modtager og evt. klikker p\u00e5, geografisk placering, k\u00f8n og alderssegment m.v. videregives til tredjeparter i det omfang disse oplysninger er kendt. Du kan se hvilke tredjeparter, der er tale om, i afsnittet om &#8220;Cookies&#8221; ovenfor. Oplysningerne anvendes til m\u00e5lretning af annoncering.<\/p>\n\n\n\n<p>Vi benytter herudover en r\u00e6kke tredjeparter til opbevaring og behandling af data. Disse behandler udelukkende oplysninger p\u00e5 vores vegne og m\u00e5 ikke anvende dem til egne form\u00e5l.<\/p>\n\n\n\n<p>Videregivelse af personoplysninger som navn og e-mail m.v. vil kun ske, hvis du giver samtykke til det. Vi anvender kun databehandlere i EU eller i lande, der kan give dine oplysninger en tilstr\u00e6kkelig beskyttelse.<\/p>\n\n\n\n<p><strong>Indsigt og klager<\/strong><br>Du har ret til at f\u00e5 oplyst, hvilke personoplysninger, vi behandler om dig i et almindeligt format (dataportabilitet). Du kan desuden til enhver tid g\u00f8re indsigelse mod, at oplysninger anvendes. Du kan ogs\u00e5 tilbagekalde dit samtykke til, at der bliver behandlet oplysninger om dig. Hvis de oplysninger, der behandles om dig, er forkerte har du ret til at de bliver rettet eller slettet. Henvendelse herom kan ske til\u00a0info@sensorytrainer.com.\u00a0Hvis du vil klage over vores behandling af dine personoplysninger, har du ogs\u00e5 mulighed for at tage kontakt til\u00a0<a rel=\"noreferrer noopener\" href=\"http:\/\/www.datatilsynet.dk\/\" target=\"_blank\">Datatilsynet<\/a>.<br>\u00d8nsker du ikke l\u00e6ngere, at vi skal behandle dine personoplysninger, eller at vi skal begr\u00e6nse behandlingen af dine personoplysninger, kan du ogs\u00e5 sende os en anmodning herom til nedenst\u00e5ende e-mailadresse.<\/p>\n\n\n\n<p>Udgiver<br>Websitet ejes og publiceres af:<\/p>\n\n\n\n<p>HomeGrounds.dk<br>Email:\u00a0\u00a0info@homegrounds.dk<\/p>\n\n\n\n<p>&#8212;<\/p>\n\n\n\n<h2 class=\"wp-block-heading\">Hvilke personlige data vi indsamler ifb med blog og hvorfor vi indsamler det<\/h2>\n\n\n\n<h3 class=\"wp-block-heading\">Kommentarer<\/h3>\n\n\n\n<p>N\u00e5r bes\u00f8gende skriver kommentarer p\u00e5 webstedet, indsamler vi de data, som vises i kommentarformularen, og ogs\u00e5 den bes\u00f8gendes IP-adresse og browserens user agent string for at hj\u00e6lpe med at opdage spam.<\/p>\n\n\n\n<p>En anonymiseret streng som er oprettet ud fra din e-mailadresse (ogs\u00e5 kaldet et hash), kan leveres til Gravatar tjenesten for at se om du bruger denne. Gravatar tjenestens privatlivspolitik er tilg\u00e6ngelig her: https:\/\/automattic.com\/privacy\/. Efter godkendelse af din kommentar, vil dit profilbillede v\u00e6re synligt for offentligheden sammen med din kommentar.<\/p>\n\n\n\n<h3 class=\"wp-block-heading\">Medier<\/h3>\n\n\n\n<p>Hvis du uploader billeder til webstedet, s\u00e5 b\u00f8r du undlade at uploade billeder med indlejrede lokalitetsdata (EXIF GPS) inkluderet. Bes\u00f8gende p\u00e5 webstedet kan downloade og udtr\u00e6kke alle lokalitetsdata fra billeder p\u00e5 webstedet.<\/p>\n\n\n\n<h3 class=\"wp-block-heading\">Kontaktformularer<\/h3>\n\n\n\n<h3 class=\"wp-block-heading\">Cookies<\/h3>\n\n\n\n<p>Hvis du skriver en kommentar p\u00e5 vores websted, kan du v\u00e6lge at gemme dit navn, e-mailadresse og websted i cookies. Disse er til din bekvemmeligehed, s\u00e5 du ikke skal udfylde dine oplysninger igen, n\u00e5r du skriver endnu en kommentar. Disse cookies vil holde i et \u00e5r.<\/p>\n\n\n\n<p>Hvis du har en konto, og du logger ind p\u00e5 dette websted, vil vi ops\u00e6tte en midlertidig cookie for at afg\u00f8re om din browser accpeterer cookies. Denne cookie indeholder ikke nogen personlige data og fjernes, n\u00e5r du lukker browseren.<\/p>\n\n\n\n<p>N\u00e5r du logger ind, vil vi ops\u00e6tte en r\u00e6kke cookies og gemme din logininformation og dine valg af sk\u00e6rmvisning. Login cookies holder i to dage, og sk\u00e6rmvalg cookies holder i et \u00e5r. Hvis du v\u00e6lger &#8220;Husk mig&#8221;, vil dit login holde i to uger. Hvis du logger ud af din konto, vil login cookierne forsvinde.<\/p>\n\n\n\n<p>Hvis du redigerer eller udgiver en artikel, vil en yderligere cookie blive gemt i din browser. Denne cookie indeholder ikke nogle personlige data og opgiver simpelthen indl\u00e6gsID p\u00e5 den artikel, du lige har redigeret. Den udl\u00f8ber efter 1 dag.<\/p>\n\n\n\n<h3 class=\"wp-block-heading\">Indlejret indhold fra andre websteder<\/h3>\n\n\n\n<p>Artikler p\u00e5 dette websted kan indeholde indlejret indhold (f.eks. videoer, billeder, artikler osv.). Indlejret indhold fra andre websteder opf\u00f8rer sig p\u00e5 n\u00f8jagtig samme m\u00e5de, som hvis den bes\u00f8gende har bes\u00f8gt det andet websted.<\/p>\n\n\n\n<p>Disse websteder indsamler m\u00e5ske data om dig, bruger cookies, indlejrer ekstra tredjeparts sporing, og overv\u00e5ger din interaktion med dette indlejrede indhold, heriblandt at spore din interaktion med indlejret indhold, hvis du har en konto og en logget ind p\u00e5 det websted.<\/p>\n\n\n\n<h3 class=\"wp-block-heading\">Analytics<\/h3>\n\n\n\n<h2 class=\"wp-block-heading\">Hvem vi deler dine data med<\/h2>\n\n\n\n<h2 class=\"wp-block-heading\">Hvor l\u00e6nge vi gemmer dine data<\/h2>\n\n\n\n<p>Hvis du skriver en kommentar, s\u00e5 bliver kommentarer og dens metadata bevaret p\u00e5 ubestemt tid. Dette er s\u00e5 vi kan genkende og godkende enhver opf\u00f8lgende kommentar automatisk i stedet for at have dem i en moderationsk\u00f8.<\/p>\n\n\n\n<p>For brugere som opretter sig p\u00e5 vores websted (om nogen), gemmer vi ogs\u00e5 den personlige information de giver til deres brugerprofil. Alle brugere kan se, redigere, eller slette deres personlige information til enhver tid (med den undtagelse at de ikke kan \u00e6ndre deres brugernavn). Webstedets administratorer kan ogs\u00e5 se og redigere den information.<\/p>\n\n\n\n<h2 class=\"wp-block-heading\">Hvilke rettigheder har du over dine data<\/h2>\n\n\n\n<p>Hvis du har en konto p\u00e5 dette websted, eller har skrevet kommentarer, kan du bede om en eksporteret fil med de personlige data vi har liggende om dig, heriblandt alt data, du har givet os. Du kan ogs\u00e5 bede om, at vi sletter alle personlige data, vi har om dig. Dette indbefatter ikke nogen form for data, som vi er forpligtede til at gemme af administrative, lovm\u00e6ssige eller sikkerhedsm\u00e6ssige grunde.<\/p>\n\n\n\n<h2 class=\"wp-block-heading\">Hvor vi sender dine data<\/h2>\n\n\n\n<p>Bes\u00f8gendes kommentarer kan muligvis blive kontrolleret af en automatisk spam-genkendelse tjeneste.<\/p>\n\n\n\n<h2 class=\"wp-block-heading\">Din kontaktinformation<\/h2>\n\n\n\n<h2 class=\"wp-block-heading\">Yderligere information<\/h2>\n\n\n\n<h3 class=\"wp-block-heading\">Hvordan vi beskytter dine data<\/h3>\n\n\n\n<h3 class=\"wp-block-heading\">Hvilke databrudsprocedurer vi har p\u00e5 plads.<\/h3>\n\n\n\n<h3 class=\"wp-block-heading\">Hvilke tredjeparter vi modtager data fra<\/h3>\n\n\n\n<h3 class=\"wp-block-heading\">Hvilke automatiserede beslutninger og\/eller profilering vi foretager med brugerdata.<\/h3>\n\n\n\n<h3 class=\"wp-block-heading\">Industriregulative krav om freml\u00e6ggelse<\/h3>\n","protected":false},"excerpt":{"rendered":"<p>Cookie- og privatlivspolitik hos\u00a0HomeGrounds.dk Vores webstedsadresse er: http:\/\/homegrounds.dk IntroduktionN\u00e5r du bes\u00f8ger vores website indsamles der oplysninger om dig, som bruges til at tilpasse og forbedre vores indhold og til at \u00f8ge v\u00e6rdien af de annoncer, der vises p\u00e5 siden. Hvis du ikke \u00f8nsker, at der indsamles oplysninger, b\u00f8r du slette dine cookies (se vejledning) og &hellip; <\/p>\n<p class=\"link-more\"><a href=\"http:\/\/homegrounds.dk\/index.php\/privatlivspolitik\/\" class=\"more-link\">Continue reading<span class=\"screen-reader-text\"> &#8220;COOKIE &#038; PRIVATLIVSPOLITIK&#8221;<\/span><\/a><\/p>\n","protected":false},"author":1,"featured_media":0,"parent":0,"menu_order":0,"comment_status":"closed","ping_status":"open","template":"","meta":{"footnotes":""},"_links":{"self":[{"href":"http:\/\/homegrounds.dk\/index.php\/wp-json\/wp\/v2\/pages\/3"}],"collection":[{"href":"http:\/\/homegrounds.dk\/index.php\/wp-json\/wp\/v2\/pages"}],"about":[{"href":"http:\/\/homegrounds.dk\/index.php\/wp-json\/wp\/v2\/types\/page"}],"author":[{"embeddable":true,"href":"http:\/\/homegrounds.dk\/index.php\/wp-json\/wp\/v2\/users\/1"}],"replies":[{"embeddable":true,"href":"http:\/\/homegrounds.dk\/index.php\/wp-json\/wp\/v2\/comments?post=3"}],"version-history":[{"count":1,"href":"http:\/\/homegrounds.dk\/index.php\/wp-json\/wp\/v2\/pages\/3\/revisions"}],"predecessor-version":[{"id":38,"href":"http:\/\/homegrounds.dk\/index.php\/wp-json\/wp\/v2\/pages\/3\/revisions\/38"}],"wp:attachment":[{"href":"http:\/\/homegrounds.dk\/index.php\/wp-json\/wp\/v2\/media?parent=3"}],"curies":[{"name":"wp","href":"https:\/\/api.w.org\/{rel}","templated":true}]}}