{"id":8,"date":"2022-03-25T10:17:29","date_gmt":"2022-03-25T09:17:29","guid":{"rendered":"http:\/\/homegrounds.dk\/?page_id=8"},"modified":"2024-01-15T10:29:26","modified_gmt":"2024-01-15T09:29:26","slug":"hjem","status":"publish","type":"page","link":"http:\/\/homegrounds.dk\/","title":{"rendered":"Hjem"},"content":{"rendered":"\n<p class=\"has-medium-font-size\"><strong>HomeGrounds.dk byder dig velkommen til Wellness-dage hvor vi flytter gr\u00e6nser med \u00e5ndedr\u00e6tssession og kulde- og varmetr\u00e6ning. Den perfekte m\u00e5de at nulstille og genoplade dig i weekenden. Gl\u00e6d dig til kvalitetstid med dig selv i fokus. <\/strong><\/p>\n\n\n\n<p>Anne Thestrup er certificeret Wim Hof Instrukt\u00f8r og \u00c5ndedr\u00e6tsterapeut fra Move2Peak, derudover Stanley Rosenberg behandler.<\/p>\n\n\n\n<p>HomeGrounds l\u00e6gger altid v\u00e6gt p\u00e5 den hjemmelige feel good oplevelse og det at danne trygge rammer for v\u00e6kst. Locationen har tidligere i en \u00e5rr\u00e6kke v\u00e6ret hjemsted for bl.a. Palmer i Danmark. Af andre faciliteter p\u00e5 HomeGrounds kan n\u00e6vnes tennisbaner, som kan bookes <a rel=\"noreferrer noopener\" href=\"https:\/\/www.supersaas.dk\/schedule\/login\/Sjaellandsk_Rengoering\/Tennisbane\" data-type=\"URL\" data-id=\"https:\/\/www.supersaas.dk\/schedule\/login\/Sjaellandsk_Rengoering\/Tennisbane\" target=\"_blank\">her<\/a>. Hold dig opdateret med HomeGrounds og se vores kommende events p\u00e5  facebook.<br><br>Vi gl\u00e6der os til at m\u00f8de dig!<\/p>\n\n\n\n<div class=\"wp-block-buttons is-layout-flex wp-block-buttons-is-layout-flex\">\n<div class=\"wp-block-button\"><a class=\"wp-block-button__link wp-element-button\" href=\"https:\/\/www.instagram.com\/homegrounds.dk\/\" target=\"_blank\" rel=\"noreferrer noopener\">F\u00f8lg os p\u00e5 Instagram<\/a><\/div>\n<\/div>\n\n\n\n<div class=\"wp-block-buttons is-layout-flex wp-block-buttons-is-layout-flex\">\n<div class=\"wp-block-button\"><a class=\"wp-block-button__link wp-element-button\" href=\"https:\/\/www.facebook.com\/HomeGrounds.dk\" target=\"_blank\" rel=\"noreferrer noopener\">F\u00f8lg os p\u00e5 facebook<\/a><\/div>\n<\/div>\n\n\n\n<div class=\"wp-block-buttons is-layout-flex wp-block-buttons-is-layout-flex\">\n<div class=\"wp-block-button\"><a class=\"wp-block-button__link wp-element-button\" href=\"https:\/\/www.supersaas.dk\/schedule\/login\/Sjaellandsk_Rengoering\/Tennisbane\" target=\"_blank\" rel=\"noreferrer noopener\">Book tennisbane her<\/a><\/div>\n<\/div>\n\n\n\n<figure class=\"wp-block-gallery has-nested-images columns-default is-cropped wp-block-gallery-1 is-layout-flex wp-block-gallery-is-layout-flex\"><\/figure>\n","protected":false},"excerpt":{"rendered":"<p>HomeGrounds.dk byder dig velkommen til Wellness-dage hvor vi flytter gr\u00e6nser med \u00e5ndedr\u00e6tssession og kulde- og varmetr\u00e6ning. Den perfekte m\u00e5de at nulstille og genoplade dig i weekenden. Gl\u00e6d dig til kvalitetstid med dig selv i fokus. Anne Thestrup er certificeret Wim Hof Instrukt\u00f8r og \u00c5ndedr\u00e6tsterapeut fra Move2Peak, derudover Stanley Rosenberg behandler. HomeGrounds l\u00e6gger altid v\u00e6gt p\u00e5 &hellip; <\/p>\n<p class=\"link-more\"><a href=\"http:\/\/homegrounds.dk\/\" class=\"more-link\">Continue reading<span class=\"screen-reader-text\"> &#8220;Hjem&#8221;<\/span><\/a><\/p>\n","protected":false},"author":1,"featured_media":0,"parent":0,"menu_order":0,"comment_status":"closed","ping_status":"closed","template":"","meta":{"footnotes":""},"_links":{"self":[{"href":"http:\/\/homegrounds.dk\/index.php\/wp-json\/wp\/v2\/pages\/8"}],"collection":[{"href":"http:\/\/homegrounds.dk\/index.php\/wp-json\/wp\/v2\/pages"}],"about":[{"href":"http:\/\/homegrounds.dk\/index.php\/wp-json\/wp\/v2\/types\/page"}],"author":[{"embeddable":true,"href":"http:\/\/homegrounds.dk\/index.php\/wp-json\/wp\/v2\/users\/1"}],"replies":[{"embeddable":true,"href":"http:\/\/homegrounds.dk\/index.php\/wp-json\/wp\/v2\/comments?post=8"}],"version-history":[{"count":44,"href":"http:\/\/homegrounds.dk\/index.php\/wp-json\/wp\/v2\/pages\/8\/revisions"}],"predecessor-version":[{"id":269,"href":"http:\/\/homegrounds.dk\/index.php\/wp-json\/wp\/v2\/pages\/8\/revisions\/269"}],"wp:attachment":[{"href":"http:\/\/homegrounds.dk\/index.php\/wp-json\/wp\/v2\/media?parent=8"}],"curies":[{"name":"wp","href":"https:\/\/api.w.org\/{rel}","templated":true}]}}